{"id":13174,"date":"2025-09-09T10:28:00","date_gmt":"2025-09-09T08:28:00","guid":{"rendered":"https:\/\/www.kautex-group.com\/unsere-globalen-servicezentren\/"},"modified":"2025-12-15T17:17:28","modified_gmt":"2025-12-15T15:17:28","slug":"unsere-globalen-servicezentren","status":"publish","type":"page","link":"https:\/\/www.kautex-group.com\/de\/wir-sind-kautex\/unser-globaler-fussabdruck\/unsere-globalen-servicezentren\/","title":{"rendered":"Unsere globalen Servicezentren"},"content":{"rendered":"\t\t<div data-elementor-type=\"wp-page\" data-elementor-id=\"13174\" class=\"elementor elementor-13174 elementor-5814\" data-elementor-post-type=\"page\">\n\t\t\t\t<div data-dce-background-overlay-image-url=\"https:\/\/www.kautex-group.com\/wp-content\/uploads\/header_strasse_fallback.jpg\" class=\"elementor-element elementor-element-7041090e e-con-full hero hero_text_only e-flex e-con e-child\" data-id=\"7041090e\" data-element_type=\"container\" data-e-type=\"container\" data-settings=\"{&quot;background_background&quot;:&quot;classic&quot;,&quot;shape_divider_bottom&quot;:&quot;tilt&quot;}\">\n\t\t\t\t<div class=\"elementor-shape elementor-shape-bottom\" aria-hidden=\"true\" data-negative=\"false\">\n\t\t\t<svg xmlns=\"http:\/\/www.w3.org\/2000\/svg\" viewBox=\"0 0 1000 100\" preserveAspectRatio=\"none\">\n\t<path class=\"elementor-shape-fill\" d=\"M0,6V0h1000v100L0,6z\"\/>\n<\/svg>\t\t<\/div>\n\t\t<div class=\"elementor-element elementor-element-4362ea2 text_in_hero_overlay e-flex e-con-boxed e-con e-child\" data-id=\"4362ea2\" data-element_type=\"container\" data-e-type=\"container\">\n\t\t\t\t\t<div class=\"e-con-inner\">\n\t\t<div class=\"elementor-element elementor-element-785840bc e-con-full text_wrapper e-flex e-con e-child\" data-id=\"785840bc\" data-element_type=\"container\" data-e-type=\"container\">\n\t\t\t\t<div class=\"elementor-element elementor-element-7f02ee66 elementor-widget__width-inherit text_in_hero_overlay elementor-invisible elementor-widget elementor-widget-heading\" data-id=\"7f02ee66\" data-element_type=\"widget\" data-e-type=\"widget\" data-settings=\"{&quot;_animation&quot;:&quot;fadeIn&quot;,&quot;_animation_delay&quot;:0}\" data-widget_type=\"heading.default\">\n\t\t\t\t\t<h1 class=\"elementor-heading-title elementor-size-default\">Unsere globalen Servicezentren<\/h1>\t\t\t\t<\/div>\n\t\t\t\t<\/div>\n\t\t\t\t\t<\/div>\n\t\t\t\t<\/div>\n\t\t\t\t<\/div>\n\t\t<div class=\"elementor-element elementor-element-66ed709c e-con-full e-flex e-con e-parent\" data-id=\"66ed709c\" data-element_type=\"container\" data-e-type=\"container\" data-settings=\"{&quot;background_background&quot;:&quot;classic&quot;}\">\n\t\t<div class=\"elementor-element elementor-element-18253ca7 e-flex e-con-boxed e-con e-child\" data-id=\"18253ca7\" data-element_type=\"container\" data-e-type=\"container\">\n\t\t\t\t\t<div class=\"e-con-inner\">\n\t\t\t\t<div class=\"elementor-element elementor-element-6d3afa43 elementor-widget elementor-widget-heading\" data-id=\"6d3afa43\" data-element_type=\"widget\" data-e-type=\"widget\" data-widget_type=\"heading.default\">\n\t\t\t\t\t<h2 class=\"elementor-heading-title elementor-size-default\">\u00dcber unsere Sevice Hubs<\/h2>\t\t\t\t<\/div>\n\t\t\t\t<div data-dce-title-color=\"#565656\" class=\"elementor-element elementor-element-206e9844 elementor-widget elementor-widget-heading\" data-id=\"206e9844\" data-element_type=\"widget\" data-e-type=\"widget\" data-widget_type=\"heading.default\">\n\t\t\t\t\t<div class=\"elementor-heading-title elementor-size-default\">Hier f\u00fcr Sie. Weltweit.<\/div>\t\t\t\t<\/div>\n\t\t\t\t\t<\/div>\n\t\t\t\t<\/div>\n\t\t<div class=\"elementor-element elementor-element-19cad7c8 e-con-full e-flex e-con e-child\" data-id=\"19cad7c8\" data-element_type=\"container\" data-e-type=\"container\" data-settings=\"{&quot;background_background&quot;:&quot;classic&quot;,&quot;shape_divider_bottom&quot;:&quot;tilt&quot;}\">\n\t\t\t\t<div class=\"elementor-shape elementor-shape-bottom\" aria-hidden=\"true\" data-negative=\"false\">\n\t\t\t<svg xmlns=\"http:\/\/www.w3.org\/2000\/svg\" viewBox=\"0 0 1000 100\" preserveAspectRatio=\"none\">\n\t<path class=\"elementor-shape-fill\" d=\"M0,6V0h1000v100L0,6z\"\/>\n<\/svg>\t\t<\/div>\n\t\t<div class=\"elementor-element elementor-element-6fabddca e-con-full e-flex e-con e-child\" data-id=\"6fabddca\" data-element_type=\"container\" data-e-type=\"container\">\n\t\t<div class=\"elementor-element elementor-element-53fe1969 e-con-full fullwidth_container e-flex e-con e-child\" data-id=\"53fe1969\" data-element_type=\"container\" data-e-type=\"container\">\n\t\t\t\t<div class=\"elementor-element elementor-element-66b13efc elementor-widget elementor-widget-text-editor\" data-id=\"66b13efc\" data-element_type=\"widget\" data-e-type=\"widget\" data-widget_type=\"text-editor.default\">\n\t\t\t\t\t\t\t\t\t<p><strong>Unsere Service-Hubs \u2013 Weil N\u00e4he z\u00e4hlt.<\/strong><\/p><p>F\u00fcr uns bedeutet Service mehr, als nur in Notf\u00e4llen verf\u00fcgbar zu sein. Mit strategisch gelegenen Hubs auf allen Kontinenten stellen wir sicher, dass der Support immer in Ihrer N\u00e4he ist \u2013 schnell, kompetent und pers\u00f6nlich. Ob in den USA, Mexiko, Europa oder Asien \u2013 unsere Servicezentren verbinden lokale Erreichbarkeit mit globaler Kautex Expertise. Das Ergebnis: starke Kundenbeziehungen und maximale Produktionssicherheit.<\/p><p><strong>Immer in der N\u00e4he. Immer f\u00fcr Sie da.<\/strong><\/p>\t\t\t\t\t\t\t\t<\/div>\n\t\t\t\t<\/div>\n\t\t\t\t<\/div>\n\t\t\t\t<div class=\"elementor-element elementor-element-3345cda1 elementor-widget__width-initial elementor-invisible elementor-widget elementor-widget-image\" data-id=\"3345cda1\" data-element_type=\"widget\" data-e-type=\"widget\" data-settings=\"{&quot;_animation&quot;:&quot;fadeIn&quot;}\" data-widget_type=\"image.default\">\n\t\t\t\t\t\t\t\t\t\t\t\t\t\t\t<img fetchpriority=\"high\" decoding=\"async\" width=\"800\" height=\"517\" src=\"https:\/\/www.kautex-group.com\/wp-content\/uploads\/freisteller_hauptgebaeude.png\" class=\"attachment-large size-large wp-image-3068\" alt=\"\" srcset=\"https:\/\/www.kautex-group.com\/wp-content\/uploads\/freisteller_hauptgebaeude.png 800w, https:\/\/www.kautex-group.com\/wp-content\/uploads\/freisteller_hauptgebaeude-300x194.png 300w, https:\/\/www.kautex-group.com\/wp-content\/uploads\/freisteller_hauptgebaeude-768x496.png 768w\" sizes=\"(max-width: 800px) 100vw, 800px\" \/>\t\t\t\t\t\t\t\t\t\t\t\t\t\t\t<\/div>\n\t\t\t\t<\/div>\n\t\t\t\t<\/div>\n\t\t<div class=\"elementor-element elementor-element-7057d694 e-flex e-con-boxed e-con e-parent\" data-id=\"7057d694\" data-element_type=\"container\" data-e-type=\"container\" data-settings=\"{&quot;background_background&quot;:&quot;classic&quot;}\">\n\t\t\t\t\t<div class=\"e-con-inner\">\n\t\t\t\t<div class=\"elementor-element elementor-element-bc96e73 elementor-widget elementor-widget-heading\" data-id=\"bc96e73\" data-element_type=\"widget\" data-e-type=\"widget\" data-widget_type=\"heading.default\">\n\t\t\t\t\t<h2 class=\"elementor-heading-title elementor-size-default\">Ihre Vorteile mit Kautex<\/h2>\t\t\t\t<\/div>\n\t\t<div class=\"elementor-element elementor-element-66295481 e-grid e-con-full e-con e-child\" data-id=\"66295481\" data-element_type=\"container\" data-e-type=\"container\">\n\t\t<div class=\"elementor-element elementor-element-6113e018 e-con-full e-flex e-con e-child\" data-id=\"6113e018\" data-element_type=\"container\" data-e-type=\"container\">\n\t\t\t\t<div class=\"elementor-element elementor-element-7e306783 elementor-position-inline-start elementor-view-default elementor-mobile-position-block-start elementor-widget elementor-widget-icon-box\" data-id=\"7e306783\" data-element_type=\"widget\" data-e-type=\"widget\" data-widget_type=\"icon-box.default\">\n\t\t\t\t\t\t\t<div class=\"elementor-icon-box-wrapper\">\n\n\t\t\t\t\t\t<div class=\"elementor-icon-box-icon\">\n\t\t\t\t<span  class=\"elementor-icon\">\n\t\t\t\t<svg xmlns=\"http:\/\/www.w3.org\/2000\/svg\" id=\"Ebene_1\" viewBox=\"0 0 63.81 61.31\"><g id=\"Gruppe_200\"><path id=\"Pfad_1296\" d=\"M24.54,28.93l7.45-7.44,2.31-9.34h-16.68l-8.6,34.76h16.69l2.54-10.28-3.71-7.71Z\"><\/path><path id=\"Pfad_1297\" d=\"M27.99,29.05l8.66,17.86h19.92l-11.43-18.47,18.66-16.28h-18.98l-16.83,16.9Z\"><\/path><path id=\"Pfad_1298\" d=\"M52.3,49.01c-10.14,11.95-28.04,13.41-39.99,3.27C.36,42.14-1.1,24.23,9.04,12.29,19.18.34,37.08-1.12,49.03,9.02c.28.24.56.49.84.74h3.22C41.53-2.63,22.14-3.31,9.75,8.23c-12.38,11.54-13.07,30.94-1.52,43.32,11.54,12.38,30.94,13.07,43.32,1.52,1.34-1.25,2.56-2.61,3.65-4.07h-2.91Z\"><\/path><\/g><path id=\"Pfad_1299\" d=\"M57.25,20.71c2.63,7.06,2.36,14.88-.77,21.74l1.41,2.28c4.13-7.95,4.56-17.31,1.18-25.61l-1.82,1.59h0Z\"><\/path><\/svg>\t\t\t\t<\/span>\n\t\t\t<\/div>\n\t\t\t\n\t\t\t\t\t\t<div class=\"elementor-icon-box-content\">\n\n\t\t\t\t\t\t\t\t\t<div class=\"elementor-icon-box-title\">\n\t\t\t\t\t\t<span  >\n\t\t\t\t\t\t\tSchnelle und kosteneffiziente Unterst\u00fctzung\t\t\t\t\t\t<\/span>\n\t\t\t\t\t<\/div>\n\t\t\t\t\n\t\t\t\t\t\t\t\t\t<p class=\"elementor-icon-box-description\">\n\t\t\t\t\t\tSchnelle Reaktion bei kurzen Wegen. Lokale Serviceteams reduzieren Reisezeiten und Kosten und sorgen so f\u00fcr eine schnellere Bereitstellung und g\u00fcnstigere Wartung.\t\t\t\t\t<\/p>\n\t\t\t\t\n\t\t\t<\/div>\n\t\t\t\n\t\t<\/div>\n\t\t\t\t\t\t<\/div>\n\t\t\t\t<\/div>\n\t\t<div class=\"elementor-element elementor-element-39406a29 e-con-full e-flex e-con e-child\" data-id=\"39406a29\" data-element_type=\"container\" data-e-type=\"container\">\n\t\t\t\t<div class=\"elementor-element elementor-element-993f44a elementor-position-inline-start elementor-view-default elementor-mobile-position-block-start elementor-widget elementor-widget-icon-box\" data-id=\"993f44a\" data-element_type=\"widget\" data-e-type=\"widget\" data-widget_type=\"icon-box.default\">\n\t\t\t\t\t\t\t<div class=\"elementor-icon-box-wrapper\">\n\n\t\t\t\t\t\t<div class=\"elementor-icon-box-icon\">\n\t\t\t\t<span  class=\"elementor-icon\">\n\t\t\t\t<svg xmlns=\"http:\/\/www.w3.org\/2000\/svg\" id=\"Ebene_1\" viewBox=\"0 0 63.81 61.31\"><g id=\"Gruppe_200\"><path id=\"Pfad_1296\" d=\"M24.54,28.93l7.45-7.44,2.31-9.34h-16.68l-8.6,34.76h16.69l2.54-10.28-3.71-7.71Z\"><\/path><path id=\"Pfad_1297\" d=\"M27.99,29.05l8.66,17.86h19.92l-11.43-18.47,18.66-16.28h-18.98l-16.83,16.9Z\"><\/path><path id=\"Pfad_1298\" d=\"M52.3,49.01c-10.14,11.95-28.04,13.41-39.99,3.27C.36,42.14-1.1,24.23,9.04,12.29,19.18.34,37.08-1.12,49.03,9.02c.28.24.56.49.84.74h3.22C41.53-2.63,22.14-3.31,9.75,8.23c-12.38,11.54-13.07,30.94-1.52,43.32,11.54,12.38,30.94,13.07,43.32,1.52,1.34-1.25,2.56-2.61,3.65-4.07h-2.91Z\"><\/path><\/g><path id=\"Pfad_1299\" d=\"M57.25,20.71c2.63,7.06,2.36,14.88-.77,21.74l1.41,2.28c4.13-7.95,4.56-17.31,1.18-25.61l-1.82,1.59h0Z\"><\/path><\/svg>\t\t\t\t<\/span>\n\t\t\t<\/div>\n\t\t\t\n\t\t\t\t\t\t<div class=\"elementor-icon-box-content\">\n\n\t\t\t\t\t\t\t\t\t<div class=\"elementor-icon-box-title\">\n\t\t\t\t\t\t<span  >\n\t\t\t\t\t\t\tLokale Expertise, der Sie vertrauen k\u00f6nnen\t\t\t\t\t\t<\/span>\n\t\t\t\t\t<\/div>\n\t\t\t\t\n\t\t\t\t\t\t\t\t\t<p class=\"elementor-icon-box-description\">\n\t\t\t\t\t\tSprache, Kultur und Compliance. Unsere Technikerinnen und Techniker sprechen Ihre Sprache, verstehen die lokalen Anforderungen und sorgen f\u00fcr die Einhaltung der regionalen Sicherheits- und Gesetzesstandards.\t\t\t\t\t<\/p>\n\t\t\t\t\n\t\t\t<\/div>\n\t\t\t\n\t\t<\/div>\n\t\t\t\t\t\t<\/div>\n\t\t\t\t<\/div>\n\t\t<div class=\"elementor-element elementor-element-327eaea6 e-con-full e-flex e-con e-child\" data-id=\"327eaea6\" data-element_type=\"container\" data-e-type=\"container\">\n\t\t\t\t<div class=\"elementor-element elementor-element-7449dfa1 elementor-position-inline-start elementor-view-default elementor-mobile-position-block-start elementor-widget elementor-widget-icon-box\" data-id=\"7449dfa1\" data-element_type=\"widget\" data-e-type=\"widget\" data-widget_type=\"icon-box.default\">\n\t\t\t\t\t\t\t<div class=\"elementor-icon-box-wrapper\">\n\n\t\t\t\t\t\t<div class=\"elementor-icon-box-icon\">\n\t\t\t\t<span  class=\"elementor-icon\">\n\t\t\t\t<svg xmlns=\"http:\/\/www.w3.org\/2000\/svg\" id=\"Ebene_1\" viewBox=\"0 0 63.81 61.31\"><g id=\"Gruppe_200\"><path id=\"Pfad_1296\" d=\"M24.54,28.93l7.45-7.44,2.31-9.34h-16.68l-8.6,34.76h16.69l2.54-10.28-3.71-7.71Z\"><\/path><path id=\"Pfad_1297\" d=\"M27.99,29.05l8.66,17.86h19.92l-11.43-18.47,18.66-16.28h-18.98l-16.83,16.9Z\"><\/path><path id=\"Pfad_1298\" d=\"M52.3,49.01c-10.14,11.95-28.04,13.41-39.99,3.27C.36,42.14-1.1,24.23,9.04,12.29,19.18.34,37.08-1.12,49.03,9.02c.28.24.56.49.84.74h3.22C41.53-2.63,22.14-3.31,9.75,8.23c-12.38,11.54-13.07,30.94-1.52,43.32,11.54,12.38,30.94,13.07,43.32,1.52,1.34-1.25,2.56-2.61,3.65-4.07h-2.91Z\"><\/path><\/g><path id=\"Pfad_1299\" d=\"M57.25,20.71c2.63,7.06,2.36,14.88-.77,21.74l1.41,2.28c4.13-7.95,4.56-17.31,1.18-25.61l-1.82,1.59h0Z\"><\/path><\/svg>\t\t\t\t<\/span>\n\t\t\t<\/div>\n\t\t\t\n\t\t\t\t\t\t<div class=\"elementor-icon-box-content\">\n\n\t\t\t\t\t\t\t\t\t<div class=\"elementor-icon-box-title\">\n\t\t\t\t\t\t<span  >\n\t\t\t\t\t\t\tErsatzteile immer in der N\u00e4he\t\t\t\t\t\t<\/span>\n\t\t\t\t\t<\/div>\n\t\t\t\t\n\t\t\t\t\t\t\t\t\t<p class=\"elementor-icon-box-description\">\n\t\t\t\t\t\tSchnelle Verf\u00fcgbarkeit durch lokale Lager. Da die Ersatzteile in der N\u00e4he Ihres Standorts gelagert werden, k\u00f6nnen sie schneller geliefert werden, was die Ausfallzeiten minimiert und die Produktion stabil h\u00e4lt.\t\t\t\t\t<\/p>\n\t\t\t\t\n\t\t\t<\/div>\n\t\t\t\n\t\t<\/div>\n\t\t\t\t\t\t<\/div>\n\t\t\t\t<\/div>\n\t\t<div class=\"elementor-element elementor-element-5d9c3f21 e-con-full e-flex e-con e-child\" data-id=\"5d9c3f21\" data-element_type=\"container\" data-e-type=\"container\">\n\t\t\t\t<div class=\"elementor-element elementor-element-48944cdc elementor-position-inline-start elementor-view-default elementor-mobile-position-block-start elementor-widget elementor-widget-icon-box\" data-id=\"48944cdc\" data-element_type=\"widget\" data-e-type=\"widget\" data-widget_type=\"icon-box.default\">\n\t\t\t\t\t\t\t<div class=\"elementor-icon-box-wrapper\">\n\n\t\t\t\t\t\t<div class=\"elementor-icon-box-icon\">\n\t\t\t\t<span  class=\"elementor-icon\">\n\t\t\t\t<svg xmlns=\"http:\/\/www.w3.org\/2000\/svg\" id=\"Ebene_1\" viewBox=\"0 0 63.81 61.31\"><g id=\"Gruppe_200\"><path id=\"Pfad_1296\" d=\"M24.54,28.93l7.45-7.44,2.31-9.34h-16.68l-8.6,34.76h16.69l2.54-10.28-3.71-7.71Z\"><\/path><path id=\"Pfad_1297\" d=\"M27.99,29.05l8.66,17.86h19.92l-11.43-18.47,18.66-16.28h-18.98l-16.83,16.9Z\"><\/path><path id=\"Pfad_1298\" d=\"M52.3,49.01c-10.14,11.95-28.04,13.41-39.99,3.27C.36,42.14-1.1,24.23,9.04,12.29,19.18.34,37.08-1.12,49.03,9.02c.28.24.56.49.84.74h3.22C41.53-2.63,22.14-3.31,9.75,8.23c-12.38,11.54-13.07,30.94-1.52,43.32,11.54,12.38,30.94,13.07,43.32,1.52,1.34-1.25,2.56-2.61,3.65-4.07h-2.91Z\"><\/path><\/g><path id=\"Pfad_1299\" d=\"M57.25,20.71c2.63,7.06,2.36,14.88-.77,21.74l1.41,2.28c4.13-7.95,4.56-17.31,1.18-25.61l-1.82,1.59h0Z\"><\/path><\/svg>\t\t\t\t<\/span>\n\t\t\t<\/div>\n\t\t\t\n\t\t\t\t\t\t<div class=\"elementor-icon-box-content\">\n\n\t\t\t\t\t\t\t\t\t<div class=\"elementor-icon-box-title\">\n\t\t\t\t\t\t<span  >\n\t\t\t\t\t\t\tGlobales Wissen, pers\u00f6nlicher Service\t\t\t\t\t\t<\/span>\n\t\t\t\t\t<\/div>\n\t\t\t\t\n\t\t\t\t\t\t\t\t\t<p class=\"elementor-icon-box-description\">\n\t\t\t\t\t\tLokale Teams, die von Kautex weltweit unterst\u00fctzt werden. Sie profitieren von engagierten Ansprechpartnerinnen und Ansprechpartnern vor Ort, die sich mit Ihrer Ausr\u00fcstung auskennen und jederzeit durch das globale Know-how und die zentralen Ressourcen von Kautex unterst\u00fctzt werden.\t\t\t\t\t<\/p>\n\t\t\t\t\n\t\t\t<\/div>\n\t\t\t\n\t\t<\/div>\n\t\t\t\t\t\t<\/div>\n\t\t\t\t<\/div>\n\t\t\t\t<\/div>\n\t\t\t\t\t<\/div>\n\t\t\t\t<\/div>\n\t\t\t\t<\/div>\n\t\t","protected":false},"excerpt":{"rendered":"<p>\u00dcber unsere Sevice Hubs Hier f\u00fcr Sie. Weltweit. Unsere Service-Hubs \u2013 Weil N\u00e4he z\u00e4hlt. F\u00fcr uns bedeutet Service mehr, als nur in Notf\u00e4llen verf\u00fcgbar zu sein. Mit strategisch gelegenen Hubs auf allen Kontinenten stellen wir sicher, dass der Support immer in Ihrer N\u00e4he ist \u2013 schnell, kompetent und pers\u00f6nlich. Ob in den USA, Mexiko, Europa [&hellip;]<\/p>\n","protected":false},"author":1,"featured_media":0,"parent":13293,"menu_order":0,"comment_status":"closed","ping_status":"closed","template":"","meta":{"_acf_changed":false,"footnotes":""},"class_list":["post-13174","page","type-page","status-publish","hentry"],"acf":[],"aioseo_notices":[],"_links":{"self":[{"href":"https:\/\/www.kautex-group.com\/de\/wp-json\/wp\/v2\/pages\/13174","targetHints":{"allow":["GET"]}}],"collection":[{"href":"https:\/\/www.kautex-group.com\/de\/wp-json\/wp\/v2\/pages"}],"about":[{"href":"https:\/\/www.kautex-group.com\/de\/wp-json\/wp\/v2\/types\/page"}],"author":[{"embeddable":true,"href":"https:\/\/www.kautex-group.com\/de\/wp-json\/wp\/v2\/users\/1"}],"replies":[{"embeddable":true,"href":"https:\/\/www.kautex-group.com\/de\/wp-json\/wp\/v2\/comments?post=13174"}],"version-history":[{"count":10,"href":"https:\/\/www.kautex-group.com\/de\/wp-json\/wp\/v2\/pages\/13174\/revisions"}],"predecessor-version":[{"id":14550,"href":"https:\/\/www.kautex-group.com\/de\/wp-json\/wp\/v2\/pages\/13174\/revisions\/14550"}],"up":[{"embeddable":true,"href":"https:\/\/www.kautex-group.com\/de\/wp-json\/wp\/v2\/pages\/13293"}],"wp:attachment":[{"href":"https:\/\/www.kautex-group.com\/de\/wp-json\/wp\/v2\/media?parent=13174"}],"curies":[{"name":"wp","href":"https:\/\/api.w.org\/{rel}","templated":true}]}}