{"id":13186,"date":"2025-09-09T10:19:20","date_gmt":"2025-09-09T08:19:20","guid":{"rendered":"https:\/\/www.kautex-group.com\/unser-vertriebs-und-servicepartner\/"},"modified":"2025-11-13T09:10:16","modified_gmt":"2025-11-13T07:10:16","slug":"unser-vertriebs-und-servicepartner","status":"publish","type":"page","link":"https:\/\/www.kautex-group.com\/de\/wir-sind-kautex\/unser-globaler-fussabdruck\/unser-vertriebs-und-servicepartner\/","title":{"rendered":"Unser Vertriebs- und Servicepartner"},"content":{"rendered":"\t\t<div data-elementor-type=\"wp-page\" data-elementor-id=\"13186\" class=\"elementor elementor-13186 elementor-5800\" data-elementor-post-type=\"page\">\n\t\t\t\t<div data-dce-background-overlay-image-url=\"https:\/\/www.kautex-group.com\/wp-content\/uploads\/hero-partners.jpg\" class=\"elementor-element elementor-element-714b494d e-con-full hero hero_text_and_image e-flex e-con e-child\" data-id=\"714b494d\" data-element_type=\"container\" data-e-type=\"container\" data-settings=\"{&quot;background_background&quot;:&quot;classic&quot;,&quot;shape_divider_bottom&quot;:&quot;tilt&quot;}\">\n\t\t\t\t<div class=\"elementor-shape elementor-shape-bottom\" aria-hidden=\"true\" data-negative=\"false\">\n\t\t\t<svg xmlns=\"http:\/\/www.w3.org\/2000\/svg\" viewBox=\"0 0 1000 100\" preserveAspectRatio=\"none\">\n\t<path class=\"elementor-shape-fill\" d=\"M0,6V0h1000v100L0,6z\"\/>\n<\/svg>\t\t<\/div>\n\t\t<div class=\"elementor-element elementor-element-46152a6 text_in_hero_overlay e-flex e-con-boxed e-con e-child\" data-id=\"46152a6\" data-element_type=\"container\" data-e-type=\"container\">\n\t\t\t\t\t<div class=\"e-con-inner\">\n\t\t<div class=\"elementor-element elementor-element-65a78459 e-con-full text_wrapper e-flex e-con e-child\" data-id=\"65a78459\" data-element_type=\"container\" data-e-type=\"container\">\n\t\t\t\t<div class=\"elementor-element elementor-element-76d907df elementor-widget__width-inherit text_in_hero_overlay elementor-invisible elementor-widget elementor-widget-heading\" data-id=\"76d907df\" data-element_type=\"widget\" data-e-type=\"widget\" data-settings=\"{&quot;_animation&quot;:&quot;fadeIn&quot;,&quot;_animation_delay&quot;:0}\" data-widget_type=\"heading.default\">\n\t\t\t\t\t<h1 class=\"elementor-heading-title elementor-size-default\">Starke Partner. Zuverl\u00e4ssige L\u00f6sungen. <\/h1>\t\t\t\t<\/div>\n\t\t\t\t<\/div>\n\t\t\t\t<div class=\"elementor-element elementor-element-3d3edee0 hero_img elementor-invisible elementor-widget elementor-widget-image\" data-id=\"3d3edee0\" data-element_type=\"widget\" data-e-type=\"widget\" data-settings=\"{&quot;_animation&quot;:&quot;fadeIn&quot;,&quot;_animation_mobile&quot;:&quot;none&quot;,&quot;_animation_delay&quot;:0}\" data-widget_type=\"image.default\">\n\t\t\t\t\t\t\t\t\t\t\t\t\t\t\t<img decoding=\"async\" width=\"1\" height=\"1\" src=\"https:\/\/www.kautex-group.com\/wp-content\/uploads\/karte_salespartner_flags.svg\" class=\"attachment-large size-large wp-image-11442\" alt=\"\" \/>\t\t\t\t\t\t\t\t\t\t\t\t\t\t\t<\/div>\n\t\t\t\t\t<\/div>\n\t\t\t\t<\/div>\n\t\t\t\t<\/div>\n\t\t<div class=\"elementor-element elementor-element-68848e15 about about_with_img e-flex e-con-boxed e-con e-parent\" data-id=\"68848e15\" data-element_type=\"container\" data-e-type=\"container\" data-settings=\"{&quot;background_background&quot;:&quot;classic&quot;}\">\n\t\t\t\t\t<div class=\"e-con-inner\">\n\t\t\t\t<div class=\"elementor-element elementor-element-4c153ea2 elementor-widget elementor-widget-heading\" data-id=\"4c153ea2\" data-element_type=\"widget\" data-e-type=\"widget\" data-widget_type=\"heading.default\">\n\t\t\t\t\t<h1 class=\"elementor-heading-title elementor-size-default\">Unsere Vertriebspartner<\/h1>\t\t\t\t<\/div>\n\t\t\t\t<div data-dce-title-color=\"#565656\" class=\"elementor-element elementor-element-2c7f0e19 elementor-widget elementor-widget-heading\" data-id=\"2c7f0e19\" data-element_type=\"widget\" data-e-type=\"widget\" data-widget_type=\"heading.default\">\n\t\t\t\t\t<div class=\"elementor-heading-title elementor-size-default\">Globales Netzwerk, pers\u00f6nliche Beratung.<\/div>\t\t\t\t<\/div>\n\t\t<div class=\"elementor-element elementor-element-35bd714f e-con-full content_part e-flex e-con e-child\" data-id=\"35bd714f\" data-element_type=\"container\" data-e-type=\"container\" data-settings=\"{&quot;background_background&quot;:&quot;classic&quot;}\">\n\t\t<div class=\"elementor-element elementor-element-46c969fc e-con-full e-flex e-con e-child\" data-id=\"46c969fc\" data-element_type=\"container\" data-e-type=\"container\">\n\t\t\t\t<div class=\"elementor-element elementor-element-3e08c282 elementor-widget elementor-widget-text-editor\" data-id=\"3e08c282\" data-element_type=\"widget\" data-e-type=\"widget\" data-widget_type=\"text-editor.default\">\n\t\t\t\t\t\t\t\t\t<p data-start=\"261\" data-end=\"620\">Um Kunden weltweit ein H\u00f6chstma\u00df an Unterst\u00fctzung zu bieten, st\u00fctzt sich Kautex Maschinenbau auf ein starkes Netzwerk <strong data-start=\"377\" data-end=\"419\">erfahrener Vertriebs- und Servicepartner<\/strong>. Diese Partner kombinieren fundierte Kenntnisse der <strong data-start=\"466\" data-end=\"504\">Extrusionsblasformtechnologie<\/strong> mit lokaler Expertise und gew\u00e4hrleisten so schnelle Reaktionszeiten, pers\u00f6nliche Beratung und ma\u00dfgeschneiderte L\u00f6sungen f\u00fcr jeden Markt. <\/p><p data-start=\"622\" data-end=\"689\">Durch diese internationale Zusammenarbeit profitieren die Kunden von:<\/p><ul data-start=\"690\" data-end=\"951\"><li data-start=\"690\" data-end=\"750\"><p data-start=\"692\" data-end=\"750\">Direkter Zugang zu den fortschrittlichen Blasformanlagen von Kautex<\/p><\/li><li data-start=\"751\" data-end=\"809\"><p data-start=\"753\" data-end=\"809\">Professionelle technische Beratung und Projektbegleitung<\/p><\/li><li data-start=\"810\" data-end=\"879\"><p data-start=\"812\" data-end=\"879\">Zuverl\u00e4ssiger Kundendienst, Wartung und Ersatzteilversorgung<\/p><\/li><li data-start=\"880\" data-end=\"951\"><p data-start=\"882\" data-end=\"951\">Lokale Experten, die die regionalen Branchen und Kundenbed\u00fcrfnisse kennen<\/p><\/li><\/ul>\t\t\t\t\t\t\t\t<\/div>\n\t\t\t\t<div class=\"elementor-element elementor-element-f4f6e08 elementor-widget elementor-widget-text-editor\" data-id=\"f4f6e08\" data-element_type=\"widget\" data-e-type=\"widget\" data-widget_type=\"text-editor.default\">\n\t\t\t\t\t\t\t\t\t<p data-start=\"953\" data-end=\"1276\">Unsere Partner spielen eine Schl\u00fcsselrolle bei der Bereitstellung <strong data-start=\"996\" data-end=\"1029\">deutscher Ingenieurskunst<\/strong> f\u00fcr M\u00e4rkte rund um den Globus, von Automotive und Verpackung bis hin zu Industrie- und Spezialanwendungen. Durch die Kombination von <strong data-start=\"1144\" data-end=\"1195\">globaler Innovation und lokalem Service<\/strong> stellen wir sicher, dass Hersteller die richtigen L\u00f6sungen erhalten &#8211; wo auch immer sie sind. <\/p><p data-start=\"1278\" data-end=\"1478\">Mit diesem starken Partnernetzwerk unterstreicht Kautex sein Engagement, Kunden zu mehr <strong data-start=\"1382\" data-end=\"1432\">Effizienz, Zuverl\u00e4ssigkeit und langfristigem Erfolg<\/strong> in der Kunststoff- und Blasformindustrie zu verhelfen.<\/p>\t\t\t\t\t\t\t\t<\/div>\n\t\t\t\t<\/div>\n\t\t\t\t<\/div>\n\t\t\t\t\t<\/div>\n\t\t\t\t<\/div>\n\t\t<div class=\"elementor-element elementor-element-9292fc3 e-flex e-con-boxed e-con e-parent\" data-id=\"9292fc3\" data-element_type=\"container\" data-e-type=\"container\" data-settings=\"{&quot;background_background&quot;:&quot;classic&quot;}\">\n\t\t\t\t\t<div class=\"e-con-inner\">\n\t\t\t\t<div class=\"elementor-element elementor-element-08e02e2 elementor-grid-1 elementor-grid-tablet-1 elementor-grid-mobile-1 elementor-widget elementor-widget-loop-grid\" data-id=\"08e02e2\" data-element_type=\"widget\" data-e-type=\"widget\" data-settings=\"{&quot;template_id&quot;:3108,&quot;columns&quot;:1,&quot;pagination_type&quot;:&quot;load_more_infinite_scroll&quot;,&quot;columns_tablet&quot;:1,&quot;row_gap&quot;:{&quot;unit&quot;:&quot;px&quot;,&quot;size&quot;:80,&quot;sizes&quot;:[]},&quot;_skin&quot;:&quot;post&quot;,&quot;columns_mobile&quot;:&quot;1&quot;,&quot;edit_handle_selector&quot;:&quot;[data-elementor-type=\\&quot;loop-item\\&quot;]&quot;,&quot;load_more_spinner&quot;:{&quot;value&quot;:&quot;fas fa-spinner&quot;,&quot;library&quot;:&quot;fa-solid&quot;},&quot;row_gap_tablet&quot;:{&quot;unit&quot;:&quot;px&quot;,&quot;size&quot;:&quot;&quot;,&quot;sizes&quot;:[]},&quot;row_gap_mobile&quot;:{&quot;unit&quot;:&quot;px&quot;,&quot;size&quot;:&quot;&quot;,&quot;sizes&quot;:[]}}\" data-widget_type=\"loop-grid.post\">\n\t\t\t\t<div class=\"elementor-widget-container\">\n\t\t\t\t\t\t\t<div class=\"e-loop-nothing-found-message\">\n\t\t<\/div>\n\t\t\t\t\t\t<\/div>\n\t\t\t\t<\/div>\n\t\t\t\t\t<\/div>\n\t\t\t\t<\/div>\n\t\t\t\t<\/div>\n\t\t","protected":false},"excerpt":{"rendered":"<p>Starke Partner. Zuverl\u00e4ssige L\u00f6sungen. Unsere Vertriebspartner Globales Netzwerk, pers\u00f6nliche Beratung. Um Kunden weltweit ein H\u00f6chstma\u00df an Unterst\u00fctzung zu bieten, st\u00fctzt sich Kautex Maschinenbau auf ein starkes Netzwerk erfahrener Vertriebs- und Servicepartner. Diese Partner kombinieren fundierte Kenntnisse der Extrusionsblasformtechnologie mit lokaler Expertise und gew\u00e4hrleisten so schnelle Reaktionszeiten, pers\u00f6nliche Beratung und ma\u00dfgeschneiderte L\u00f6sungen f\u00fcr jeden Markt. Durch [&hellip;]<\/p>\n","protected":false},"author":1,"featured_media":0,"parent":13293,"menu_order":0,"comment_status":"closed","ping_status":"closed","template":"","meta":{"_acf_changed":false,"footnotes":""},"class_list":["post-13186","page","type-page","status-publish","hentry"],"acf":[],"aioseo_notices":[],"_links":{"self":[{"href":"https:\/\/www.kautex-group.com\/de\/wp-json\/wp\/v2\/pages\/13186","targetHints":{"allow":["GET"]}}],"collection":[{"href":"https:\/\/www.kautex-group.com\/de\/wp-json\/wp\/v2\/pages"}],"about":[{"href":"https:\/\/www.kautex-group.com\/de\/wp-json\/wp\/v2\/types\/page"}],"author":[{"embeddable":true,"href":"https:\/\/www.kautex-group.com\/de\/wp-json\/wp\/v2\/users\/1"}],"replies":[{"embeddable":true,"href":"https:\/\/www.kautex-group.com\/de\/wp-json\/wp\/v2\/comments?post=13186"}],"version-history":[{"count":4,"href":"https:\/\/www.kautex-group.com\/de\/wp-json\/wp\/v2\/pages\/13186\/revisions"}],"predecessor-version":[{"id":13499,"href":"https:\/\/www.kautex-group.com\/de\/wp-json\/wp\/v2\/pages\/13186\/revisions\/13499"}],"up":[{"embeddable":true,"href":"https:\/\/www.kautex-group.com\/de\/wp-json\/wp\/v2\/pages\/13293"}],"wp:attachment":[{"href":"https:\/\/www.kautex-group.com\/de\/wp-json\/wp\/v2\/media?parent=13186"}],"curies":[{"name":"wp","href":"https:\/\/api.w.org\/{rel}","templated":true}]}}